{"id":9,"date":"2015-12-02T10:51:51","date_gmt":"2015-12-02T10:51:51","guid":{"rendered":"http:\/\/theme-fusion.com\/avada\/university\/?page_id=9"},"modified":"2023-09-25T15:34:18","modified_gmt":"2023-09-25T15:34:18","slug":"about-us","status":"publish","type":"page","link":"https:\/\/ingilizcesinav.com\/?page_id=9","title":{"rendered":"Hakk\u0131m\u0131zda"},"content":{"rendered":"<p><div class=\"fusion-fullwidth fullwidth-box fusion-builder-row-1 fusion-flex-container nonhundred-percent-fullwidth non-hundred-percent-height-scrolling\" style=\"--awb-background-position:left top;--awb-border-sizes-top:0px;--awb-border-sizes-bottom:0px;--awb-border-sizes-left:0px;--awb-border-sizes-right:0px;--awb-border-radius-top-left:0px;--awb-border-radius-top-right:0px;--awb-border-radius-bottom-right:0px;--awb-border-radius-bottom-left:0px;--awb-padding-top:90px;--awb-padding-bottom:40px;--awb-padding-top-medium:60px;--awb-flex-wrap:wrap;\" ><div class=\"fusion-builder-row fusion-row fusion-flex-align-items-flex-start fusion-flex-content-wrap\" style=\"max-width:1331.2px;margin-left: calc(-4% \/ 2 );margin-right: calc(-4% \/ 2 );\"><div class=\"fusion-layout-column fusion_builder_column fusion-builder-column-0 fusion_builder_column_1_6 1_6 fusion-flex-column fusion-no-small-visibility\" style=\"--awb-bg-blend:overlay;--awb-bg-size:cover;--awb-width-large:16.666666666667%;--awb-margin-top-large:10px;--awb-spacing-right-large:11.52%;--awb-margin-bottom-large:10px;--awb-spacing-left-large:11.52%;--awb-width-medium:100%;--awb-spacing-right-medium:1.92%;--awb-spacing-left-medium:1.92%;--awb-width-small:100%;--awb-spacing-right-small:1.92%;--awb-spacing-left-small:1.92%;\"><div class=\"fusion-column-wrapper fusion-flex-justify-content-flex-start fusion-content-layout-column\"><\/div><\/div><div class=\"fusion-layout-column fusion_builder_column fusion-builder-column-1 fusion_builder_column_2_3 2_3 fusion-flex-column\" style=\"--awb-bg-blend:overlay;--awb-bg-size:cover;--awb-width-large:66.666666666667%;--awb-margin-top-large:10px;--awb-spacing-right-large:2.88%;--awb-margin-bottom-large:30px;--awb-spacing-left-large:2.88%;--awb-width-medium:100%;--awb-spacing-right-medium:1.92%;--awb-spacing-left-medium:1.92%;--awb-width-small:100%;--awb-spacing-right-small:1.92%;--awb-spacing-left-small:1.92%;\"><div class=\"fusion-column-wrapper fusion-flex-justify-content-flex-start fusion-content-layout-column\"><div class=\"fusion-image-element \" style=\"text-align:center;--awb-margin-bottom:32px;--awb-caption-title-font-family:var(--h2_typography-font-family);--awb-caption-title-font-weight:var(--h2_typography-font-weight);--awb-caption-title-font-style:var(--h2_typography-font-style);--awb-caption-title-size:var(--h2_typography-font-size);--awb-caption-title-transform:var(--h2_typography-text-transform);--awb-caption-title-line-height:var(--h2_typography-line-height);--awb-caption-title-letter-spacing:var(--h2_typography-letter-spacing);\"><span class=\" fusion-imageframe imageframe-none imageframe-1 hover-type-none\"><a class=\"fusion-no-lightbox\" href=\"https:\/\/1.envato.market\/QQ32x\" target=\"_blank\" aria-label=\"cropped-INGILIZCE-1.png\" rel=\"noopener noreferrer\"><img decoding=\"async\" width=\"150\" height=\"150\" src=\"https:\/\/ingilizcesinav.com\/wp-content\/uploads\/2023\/09\/cropped-INGILIZCE-1.png\" data-orig-src=\"https:\/\/ingilizcesinav.com\/wp-content\/uploads\/2023\/09\/cropped-INGILIZCE-1-150x150.png\" alt class=\"lazyload img-responsive wp-image-2468\" srcset=\"data:image\/svg+xml,%3Csvg%20xmlns%3D%27http%3A%2F%2Fwww.w3.org%2F2000%2Fsvg%27%20width%3D%27512%27%20height%3D%27512%27%20viewBox%3D%270%200%20512%20512%27%3E%3Crect%20width%3D%27512%27%20height%3D%27512%27%20fill-opacity%3D%220%22%2F%3E%3C%2Fsvg%3E\" data-srcset=\"https:\/\/ingilizcesinav.com\/wp-content\/uploads\/2023\/09\/cropped-INGILIZCE-1-200x200.png 200w, https:\/\/ingilizcesinav.com\/wp-content\/uploads\/2023\/09\/cropped-INGILIZCE-1-400x400.png 400w, https:\/\/ingilizcesinav.com\/wp-content\/uploads\/2023\/09\/cropped-INGILIZCE-1.png 512w\" data-sizes=\"auto\" data-orig-sizes=\"(max-width: 1024px) 100vw, (max-width: 640px) 100vw, 150px\" \/><\/a><\/span><\/div><div class=\"fusion-separator\" style=\"align-self: center;margin-left: auto;margin-right: auto;margin-top:15px;margin-bottom:35px;width:100%;max-width:170px;\"><div class=\"fusion-separator-border sep-single sep-solid\" style=\"--awb-height:20px;--awb-amount:20px;--awb-sep-color:var(--awb-color4);border-color:var(--awb-color4);border-top-width:1px;\"><\/div><\/div><div class=\"fusion-title title fusion-title-1 fusion-sep-none fusion-title-text fusion-title-size-one\" style=\"--awb-margin-top-small:10px;--awb-margin-right-small:0px;--awb-margin-bottom-small:20px;--awb-margin-left-small:0px;\"><h1 class=\"fusion-title-heading title-heading-left fusion-responsive-typography-calculated\" style=\"margin:0;text-transform:capitalize;--fontSize:50;line-height:var(--awb-typography1-line-height);\">\u0130ngilizce s\u0131navlar hakk\u0131nda her \u015fey<\/h1><\/div><div class=\"fusion-text fusion-text-1\" style=\"--awb-content-alignment:center;\"><p>\u0130ngilizce s\u0131navlar\u0131n\u0131n hepsine dair g\u00fcncel bilgi almak ve neler \u00e7\u0131kaca\u011f\u0131n\u0131 \u00f6\u011frenmek i\u00e7in girece\u011finiz s\u0131nav\u0131n sayfas\u0131na sitemizden ula\u015fabilirsiniz.<\/p>\n<\/div><div class=\"fusion-separator fusion-full-width-sep\" style=\"align-self: center;margin-left: auto;margin-right: auto;margin-top:35px;width:100%;\"><\/div><div style=\"text-align:center;\"><a class=\"fusion-button button-flat fusion-button-default-size button-default fusion-button-default button-1 fusion-button-span-no fusion-button-default-type\" target=\"_self\" href=\"https:\/\/ingilizcesinav.com\/?page_id=12\"><span class=\"fusion-button-text awb-button__text awb-button__text--default\">S\u0131navlar<\/span><\/a><\/div><\/div><\/div><div class=\"fusion-layout-column fusion_builder_column fusion-builder-column-2 fusion_builder_column_1_6 1_6 fusion-flex-column fusion-no-small-visibility\" style=\"--awb-bg-blend:overlay;--awb-bg-size:cover;--awb-width-large:16.666666666667%;--awb-margin-top-large:10px;--awb-spacing-right-large:11.52%;--awb-margin-bottom-large:10px;--awb-spacing-left-large:11.52%;--awb-width-medium:100%;--awb-spacing-right-medium:1.92%;--awb-spacing-left-medium:1.92%;--awb-width-small:100%;--awb-spacing-right-small:1.92%;--awb-spacing-left-small:1.92%;\"><div class=\"fusion-column-wrapper fusion-flex-justify-content-flex-start fusion-content-layout-column\"><div class=\"fusion-separator fusion-full-width-sep\" style=\"align-self: center;margin-left: auto;margin-right: auto;margin-top:20px;width:100%;\"><\/div><\/div><\/div><\/div><\/div><div class=\"fusion-fullwidth fullwidth-box fusion-builder-row-2 fusion-flex-container hundred-percent-fullwidth non-hundred-percent-height-scrolling\" style=\"--awb-border-radius-top-left:0px;--awb-border-radius-top-right:0px;--awb-border-radius-bottom-right:0px;--awb-border-radius-bottom-left:0px;--awb-background-color:var(--awb-color2);--awb-flex-wrap:wrap;\" ><div class=\"fusion-builder-row fusion-row fusion-flex-align-items-flex-start fusion-flex-content-wrap\" style=\"width:calc( 100% + 0px ) !important;max-width:calc( 100% + 0px ) !important;margin-left: calc(-0px \/ 2 );margin-right: calc(-0px \/ 2 );\"><div class=\"fusion-layout-column fusion_builder_column fusion-builder-column-3 fusion_builder_column_1_1 1_1 fusion-flex-column fusion-flex-align-self-flex-start fusion-column-no-min-height\" style=\"--awb-bg-blend:overlay;--awb-bg-size:cover;--awb-width-large:100%;--awb-margin-top-large:0px;--awb-spacing-right-large:0px;--awb-margin-bottom-large:30px;--awb-spacing-left-large:0px;--awb-width-medium:100%;--awb-spacing-right-medium:0px;--awb-spacing-left-medium:0px;--awb-width-small:100%;--awb-spacing-right-small:0px;--awb-spacing-left-small:0px;\"><div class=\"fusion-column-wrapper fusion-flex-justify-content-flex-start fusion-content-layout-column\"><div class=\"fusion-section-separator section-separator bigtriangle fusion-section-separator-1\" style=\"--awb-spacer-height:99px;--awb-svg-margin-left:0px;--awb-svg-margin-right:0px;--awb-svg-margin-left-medium:0px;--awb-svg-margin-right-medium:0px;--awb-svg-margin-left-small:0px;--awb-svg-margin-right-small:0px;--awb-divider-height:99px;--awb-spacer-padding-top:inherit;--awb-sep-padding:0;--awb-svg-padding:0;\"><div class=\"fusion-section-separator-svg\"><svg class=\"fusion-big-triangle-candy\" xmlns=\"http:\/\/www.w3.org\/2000\/svg\" version=\"1.1\" width=\"100%\" height=\"100\" viewBox=\"0 0 100 100\" preserveAspectRatio=\"none\" fill=\"rgba(255,255,255,1)\"><path d=\"M-1 -1 L50 99 L101 -1 Z\"><\/path><\/svg><\/div><div class=\"fusion-section-separator-spacer\"><div class=\"fusion-section-separator-spacer-height\"><\/div><\/div><\/div><\/div><\/div><\/div><\/div><div class=\"fusion-fullwidth fullwidth-box fusion-builder-row-3 fusion-flex-container nonhundred-percent-fullwidth non-hundred-percent-height-scrolling\" style=\"--awb-background-position:left top;--awb-border-sizes-top:0px;--awb-border-sizes-bottom:0px;--awb-border-sizes-left:0px;--awb-border-sizes-right:0px;--awb-border-radius-top-left:0px;--awb-border-radius-top-right:0px;--awb-border-radius-bottom-right:0px;--awb-border-radius-bottom-left:0px;--awb-padding-top:75px;--awb-padding-bottom:100px;--awb-background-color:var(--awb-color2);--awb-flex-wrap:wrap;\" ><div class=\"fusion-builder-row fusion-row fusion-flex-align-items-flex-start fusion-flex-content-wrap\" style=\"max-width:calc( 1280px + 0px );margin-left: calc(-0px \/ 2 );margin-right: calc(-0px \/ 2 );\"><div class=\"fusion-layout-column fusion_builder_column fusion-builder-column-4 fusion_builder_column_1_1 1_1 fusion-flex-column fusion-flex-align-self-flex-start fusion-column-no-min-height\" style=\"--awb-bg-blend:overlay;--awb-bg-size:cover;--awb-width-large:100%;--awb-margin-top-large:10px;--awb-spacing-right-large:0px;--awb-margin-bottom-large:10px;--awb-spacing-left-large:0px;--awb-width-medium:100%;--awb-spacing-right-medium:0px;--awb-spacing-left-medium:0px;--awb-width-small:100%;--awb-spacing-right-small:0px;--awb-spacing-left-small:0px;\"><div class=\"fusion-column-wrapper fusion-flex-justify-content-flex-start fusion-content-layout-column\"><div class=\"fusion-title title fusion-title-2 fusion-sep-none fusion-title-center fusion-title-text fusion-title-size-three\" style=\"--awb-margin-bottom:30px;--awb-margin-top-small:10px;--awb-margin-right-small:0px;--awb-margin-bottom-small:20px;--awb-margin-left-small:0px;\"><h3 class=\"fusion-title-heading title-heading-center fusion-responsive-typography-calculated\" style=\"margin:0;text-transform:capitalize;--fontSize:24;line-height:var(--awb-typography1-line-height);\">SINAVLAR<\/h3><\/div><div class=\"fusion-separator\" style=\"align-self: center;margin-left: auto;margin-right: auto;margin-bottom:45px;width:100%;max-width:170px;\"><div class=\"fusion-separator-border sep-single sep-solid\" style=\"--awb-height:20px;--awb-amount:20px;--awb-sep-color:var(--awb-color4);border-color:var(--awb-color4);border-top-width:1px;\"><\/div><\/div><style type=\"text\/css\">.fusion-portfolio-wrapper#fusion-portfolio-1 .fusion-portfolio-content{ padding: 30px 35px 30px 35px; text-align: left; }<\/style><div class=\"fusion-recent-works fusion-portfolio-element fusion-portfolio fusion-portfolio-1 fusion-portfolio-grid fusion-portfolio-paging-none fusion-portfolio-three fusion-portfolio-boxed fusion-portfolio-text fusion-portfolio-rollover\" data-id=\"-rw-1\" data-columns=\"three\"><style type=\"text\/css\">.fusion-portfolio-1 .fusion-portfolio-wrapper .fusion-col-spacing{padding:20px;}<\/style><div class=\"fusion-portfolio-wrapper\" id=\"fusion-portfolio-1\" data-picturesize=\"auto\" data-pages=\"4\" style=\"margin:-20px;\"><article id=\"portfolio-1-post-2538\" class=\"fusion-portfolio-post fusion-col-spacing post-2538\"><div class=\"fusion-portfolio-content-wrapper\" style=\"border:none;background-color:var(--awb-color1);\"><span class=\"vcard rich-snippet-hidden\"><span class=\"fn\"><a href=\"https:\/\/ingilizcesinav.com\/?author=1\" title=\"admin taraf\u0131ndan yaz\u0131lan yaz\u0131lar\" rel=\"author\">admin<\/a><\/span><\/span><span class=\"updated rich-snippet-hidden\">2023-09-25T15:36:59+00:00<\/span><div  class=\"fusion-image-wrapper\" aria-haspopup=\"true\">\n\t\t\t\t<img decoding=\"async\" width=\"500\" height=\"500\" src=\"https:\/\/ingilizcesinav.com\/wp-content\/uploads\/2023\/09\/INGILIZCE-1-2.png\" class=\"attachment-full size-full lazyload wp-post-image\" alt=\"\" srcset=\"data:image\/svg+xml,%3Csvg%20xmlns%3D%27http%3A%2F%2Fwww.w3.org%2F2000%2Fsvg%27%20width%3D%27500%27%20height%3D%27500%27%20viewBox%3D%270%200%20500%20500%27%3E%3Crect%20width%3D%27500%27%20height%3D%27500%27%20fill-opacity%3D%220%22%2F%3E%3C%2Fsvg%3E\" data-orig-src=\"https:\/\/ingilizcesinav.com\/wp-content\/uploads\/2023\/09\/INGILIZCE-1-2.png\" data-srcset=\"https:\/\/ingilizcesinav.com\/wp-content\/uploads\/2023\/09\/INGILIZCE-1-2-200x200.png 200w, https:\/\/ingilizcesinav.com\/wp-content\/uploads\/2023\/09\/INGILIZCE-1-2-400x400.png 400w, https:\/\/ingilizcesinav.com\/wp-content\/uploads\/2023\/09\/INGILIZCE-1-2.png 500w\" data-sizes=\"auto\" \/><div class=\"fusion-rollover\">\n\t<div class=\"fusion-rollover-content\">\n\n\t\t\t\t\t\t\t\t\t\t\t\t\t\t<a class=\"fusion-rollover-link\" href=\"https:\/\/ingilizcesinav.com\/?avada_portfolio=imat\">IMAT<\/a>\n\t\t\t\n\t\t\t\t\t\t\t\t\t\t\t\t\t\t\n\t\t\t\t\t\t\t\t\n\t\t\t\t\t\t\t\t\t\t\t\t\t<div class=\"fusion-rollover-sep\"><\/div>\n\t\t\t\t\n\t\t\t\t\t\t\t\t\t\t\t\t\t\t\t\t\t\t<a class=\"fusion-rollover-gallery\" href=\"https:\/\/ingilizcesinav.com\/wp-content\/uploads\/2023\/09\/INGILIZCE-1-2.png\" data-options=\"\" data-id=\"2538\" data-rel=\"iLightbox[gallery-rw-1]\" data-title=\"\u0130NG\u0130L\u0130ZCE (1)\" data-caption=\"\">\n\t\t\t\t\t\tGallery\t\t\t\t\t<\/a>\n\t\t\t\t\t\t\t\t\t\t\t\t\t\t\n\t\t\n\t\t\t\t\t\t\t\t\n\t\t\t\t\t\t\t\t\n\t\t\n\t\t\t\t\t\t<a class=\"fusion-link-wrapper\" href=\"https:\/\/ingilizcesinav.com\/?avada_portfolio=imat\" aria-label=\"IMAT\"><\/a>\n\t<\/div>\n<\/div>\n<\/div>\n<div class=\"fusion-portfolio-content\" style=\"background-color:var(--awb-color1);\"><h2 class=\"entry-title fusion-post-title\"><a href=\"https:\/\/ingilizcesinav.com\/?avada_portfolio=imat\">IMAT<\/a><\/h2><div class=\"fusion-content-sep sep-none\" style=\"border-color:var(--awb-color3);\"><\/div><div class=\"fusion-post-content\"><p>IMAT s\u0131nav\u0131 hakk\u0131nda bilgi almak i\u00e7in t\u0131klay\u0131n.<\/p><\/div><\/div><\/div><\/article><article id=\"portfolio-1-post-2527\" class=\"fusion-portfolio-post fusion-col-spacing post-2527\"><div class=\"fusion-portfolio-content-wrapper\" style=\"border:none;background-color:var(--awb-color1);\"><span class=\"vcard rich-snippet-hidden\"><span class=\"fn\"><a href=\"https:\/\/ingilizcesinav.com\/?author=1\" title=\"admin taraf\u0131ndan yaz\u0131lan yaz\u0131lar\" rel=\"author\">admin<\/a><\/span><\/span><span class=\"updated rich-snippet-hidden\">2023-09-25T10:08:27+00:00<\/span><div  class=\"fusion-image-wrapper\" aria-haspopup=\"true\">\n\t\t\t\t<img decoding=\"async\" width=\"500\" height=\"500\" src=\"https:\/\/ingilizcesinav.com\/wp-content\/uploads\/2023\/09\/INGILIZCE-4.png\" class=\"attachment-full size-full lazyload wp-post-image\" alt=\"\" srcset=\"data:image\/svg+xml,%3Csvg%20xmlns%3D%27http%3A%2F%2Fwww.w3.org%2F2000%2Fsvg%27%20width%3D%27500%27%20height%3D%27500%27%20viewBox%3D%270%200%20500%20500%27%3E%3Crect%20width%3D%27500%27%20height%3D%27500%27%20fill-opacity%3D%220%22%2F%3E%3C%2Fsvg%3E\" data-orig-src=\"https:\/\/ingilizcesinav.com\/wp-content\/uploads\/2023\/09\/INGILIZCE-4.png\" data-srcset=\"https:\/\/ingilizcesinav.com\/wp-content\/uploads\/2023\/09\/INGILIZCE-4-200x200.png 200w, https:\/\/ingilizcesinav.com\/wp-content\/uploads\/2023\/09\/INGILIZCE-4-400x400.png 400w, https:\/\/ingilizcesinav.com\/wp-content\/uploads\/2023\/09\/INGILIZCE-4.png 500w\" data-sizes=\"auto\" \/><div class=\"fusion-rollover\">\n\t<div class=\"fusion-rollover-content\">\n\n\t\t\t\t\t\t\t\t\t\t\t\t\t\t<a class=\"fusion-rollover-link\" href=\"https:\/\/ingilizcesinav.com\/?avada_portfolio=sat\">SAT<\/a>\n\t\t\t\n\t\t\t\t\t\t\t\t\t\t\t\t\t\t\n\t\t\t\t\t\t\t\t\n\t\t\t\t\t\t\t\t\t\t\t\t\t<div class=\"fusion-rollover-sep\"><\/div>\n\t\t\t\t\n\t\t\t\t\t\t\t\t\t\t\t\t\t\t\t\t\t\t<a class=\"fusion-rollover-gallery\" href=\"https:\/\/ingilizcesinav.com\/wp-content\/uploads\/2023\/09\/INGILIZCE-4.png\" data-options=\"\" data-id=\"2527\" data-rel=\"iLightbox[gallery-rw-1]\" data-title=\"\u0130NG\u0130L\u0130ZCE\" data-caption=\"\">\n\t\t\t\t\t\tGallery\t\t\t\t\t<\/a>\n\t\t\t\t\t\t\t\t\t\t\t\t\t\t\n\t\t\n\t\t\t\t\t\t\t\t\n\t\t\t\t\t\t\t\t\n\t\t\n\t\t\t\t\t\t<a class=\"fusion-link-wrapper\" href=\"https:\/\/ingilizcesinav.com\/?avada_portfolio=sat\" aria-label=\"SAT\"><\/a>\n\t<\/div>\n<\/div>\n<\/div>\n<div class=\"fusion-portfolio-content\" style=\"background-color:var(--awb-color1);\"><h2 class=\"entry-title fusion-post-title\"><a href=\"https:\/\/ingilizcesinav.com\/?avada_portfolio=sat\">SAT<\/a><\/h2><div class=\"fusion-content-sep sep-none\" style=\"border-color:var(--awb-color3);\"><\/div><div class=\"fusion-post-content\"><p>SAT s\u0131nav\u0131 hakk\u0131nda bilgi almak i\u00e7in t\u0131klay\u0131n.<\/p><\/div><\/div><\/div><\/article><article id=\"portfolio-1-post-2523\" class=\"fusion-portfolio-post fusion-col-spacing post-2523\"><div class=\"fusion-portfolio-content-wrapper\" style=\"border:none;background-color:var(--awb-color1);\"><span class=\"vcard rich-snippet-hidden\"><span class=\"fn\"><a href=\"https:\/\/ingilizcesinav.com\/?author=1\" title=\"admin taraf\u0131ndan yaz\u0131lan yaz\u0131lar\" rel=\"author\">admin<\/a><\/span><\/span><span class=\"updated rich-snippet-hidden\">2023-09-23T14:05:07+00:00<\/span><div  class=\"fusion-image-wrapper\" aria-haspopup=\"true\">\n\t\t\t\t<img decoding=\"async\" width=\"500\" height=\"500\" src=\"https:\/\/ingilizcesinav.com\/wp-content\/uploads\/2023\/09\/INGILIZCE-17.png\" class=\"attachment-full size-full lazyload wp-post-image\" alt=\"\" srcset=\"data:image\/svg+xml,%3Csvg%20xmlns%3D%27http%3A%2F%2Fwww.w3.org%2F2000%2Fsvg%27%20width%3D%27500%27%20height%3D%27500%27%20viewBox%3D%270%200%20500%20500%27%3E%3Crect%20width%3D%27500%27%20height%3D%27500%27%20fill-opacity%3D%220%22%2F%3E%3C%2Fsvg%3E\" data-orig-src=\"https:\/\/ingilizcesinav.com\/wp-content\/uploads\/2023\/09\/INGILIZCE-17.png\" data-srcset=\"https:\/\/ingilizcesinav.com\/wp-content\/uploads\/2023\/09\/INGILIZCE-17-200x200.png 200w, https:\/\/ingilizcesinav.com\/wp-content\/uploads\/2023\/09\/INGILIZCE-17-400x400.png 400w, https:\/\/ingilizcesinav.com\/wp-content\/uploads\/2023\/09\/INGILIZCE-17.png 500w\" data-sizes=\"auto\" \/><div class=\"fusion-rollover\">\n\t<div class=\"fusion-rollover-content\">\n\n\t\t\t\t\t\t\t\t\t\t\t\t\t\t<a class=\"fusion-rollover-link\" href=\"https:\/\/ingilizcesinav.com\/?avada_portfolio=pte\">PTE<\/a>\n\t\t\t\n\t\t\t\t\t\t\t\t\t\t\t\t\t\t\n\t\t\t\t\t\t\t\t\n\t\t\t\t\t\t\t\t\t\t\t\t\t<div class=\"fusion-rollover-sep\"><\/div>\n\t\t\t\t\n\t\t\t\t\t\t\t\t\t\t\t\t\t\t\t\t\t\t<a class=\"fusion-rollover-gallery\" href=\"https:\/\/ingilizcesinav.com\/wp-content\/uploads\/2023\/09\/INGILIZCE-17.png\" data-options=\"\" data-id=\"2523\" data-rel=\"iLightbox[gallery-rw-1]\" data-title=\"\u0130NG\u0130L\u0130ZCE (17)\" data-caption=\"\">\n\t\t\t\t\t\tGallery\t\t\t\t\t<\/a>\n\t\t\t\t\t\t\t\t\t\t\t\t\t\t\n\t\t\n\t\t\t\t\t\t\t\t\n\t\t\t\t\t\t\t\t\n\t\t\n\t\t\t\t\t\t<a class=\"fusion-link-wrapper\" href=\"https:\/\/ingilizcesinav.com\/?avada_portfolio=pte\" aria-label=\"PTE\"><\/a>\n\t<\/div>\n<\/div>\n<\/div>\n<div class=\"fusion-portfolio-content\" style=\"background-color:var(--awb-color1);\"><h2 class=\"entry-title fusion-post-title\"><a href=\"https:\/\/ingilizcesinav.com\/?avada_portfolio=pte\">PTE<\/a><\/h2><div class=\"fusion-content-sep sep-none\" style=\"border-color:var(--awb-color3);\"><\/div><div class=\"fusion-post-content\"><p>PTE s\u0131nav\u0131 hakk\u0131nda bilgi almak i\u00e7in t\u0131klay\u0131n.<\/p><\/div><\/div><\/div><\/article><\/div><\/div><\/div><\/div><\/div><\/div><\/p>\n","protected":false},"excerpt":{"rendered":"","protected":false},"author":1,"featured_media":0,"parent":0,"menu_order":0,"comment_status":"closed","ping_status":"closed","template":"100-width.php","meta":{"footnotes":""},"class_list":["post-9","page","type-page","status-publish","hentry"],"yoast_head":"<!-- This site is optimized with the Yoast SEO plugin v27.5 - https:\/\/yoast.com\/product\/yoast-seo-wordpress\/ -->\n<title>Hakk\u0131m\u0131zda - \u0130ngilizce S\u0131nav<\/title>\n<meta name=\"description\" content=\"\u0130ngilizce s\u0131nav sayfas\u0131 olarak biz kimiz, sizlere nas\u0131l yard\u0131mc\u0131 olabiliriz, \u0130ngilizce s\u0131navlarla ilgili daha fazla bilgi i\u00e7in t\u0131klay\u0131n.\" \/>\n<meta name=\"robots\" content=\"index, follow, max-snippet:-1, max-image-preview:large, max-video-preview:-1\" \/>\n<link rel=\"canonical\" href=\"https:\/\/ingilizcesinav.com\/?page_id=9\" \/>\n<meta property=\"og:locale\" content=\"tr_TR\" \/>\n<meta property=\"og:type\" content=\"article\" \/>\n<meta property=\"og:title\" content=\"Hakk\u0131m\u0131zda - \u0130ngilizce S\u0131nav\" \/>\n<meta property=\"og:description\" content=\"\u0130ngilizce s\u0131nav sayfas\u0131 olarak biz kimiz, sizlere nas\u0131l yard\u0131mc\u0131 olabiliriz, \u0130ngilizce s\u0131navlarla ilgili daha fazla bilgi i\u00e7in t\u0131klay\u0131n.\" \/>\n<meta property=\"og:url\" content=\"https:\/\/ingilizcesinav.com\/?page_id=9\" \/>\n<meta property=\"og:site_name\" content=\"\u0130ngilizce S\u0131nav\" \/>\n<meta property=\"article:modified_time\" content=\"2023-09-25T15:34:18+00:00\" \/>\n<meta name=\"twitter:card\" content=\"summary_large_image\" \/>\n<meta name=\"twitter:label1\" content=\"Tahmini okuma s\u00fcresi\" \/>\n\t<meta name=\"twitter:data1\" content=\"7 dakika\" \/>\n<script type=\"application\/ld+json\" class=\"yoast-schema-graph\">{\"@context\":\"https:\\\/\\\/schema.org\",\"@graph\":[{\"@type\":\"WebPage\",\"@id\":\"https:\\\/\\\/ingilizcesinav.com\\\/?page_id=9\",\"url\":\"https:\\\/\\\/ingilizcesinav.com\\\/?page_id=9\",\"name\":\"Hakk\u0131m\u0131zda - \u0130ngilizce S\u0131nav\",\"isPartOf\":{\"@id\":\"https:\\\/\\\/ingilizcesinav.com\\\/#website\"},\"datePublished\":\"2015-12-02T10:51:51+00:00\",\"dateModified\":\"2023-09-25T15:34:18+00:00\",\"description\":\"\u0130ngilizce s\u0131nav sayfas\u0131 olarak biz kimiz, sizlere nas\u0131l yard\u0131mc\u0131 olabiliriz, \u0130ngilizce s\u0131navlarla ilgili daha fazla bilgi i\u00e7in t\u0131klay\u0131n.\",\"breadcrumb\":{\"@id\":\"https:\\\/\\\/ingilizcesinav.com\\\/?page_id=9#breadcrumb\"},\"inLanguage\":\"tr\",\"potentialAction\":[{\"@type\":\"ReadAction\",\"target\":[\"https:\\\/\\\/ingilizcesinav.com\\\/?page_id=9\"]}]},{\"@type\":\"BreadcrumbList\",\"@id\":\"https:\\\/\\\/ingilizcesinav.com\\\/?page_id=9#breadcrumb\",\"itemListElement\":[{\"@type\":\"ListItem\",\"position\":1,\"name\":\"Home\",\"item\":\"https:\\\/\\\/ingilizcesinav.com\\\/\"},{\"@type\":\"ListItem\",\"position\":2,\"name\":\"Hakk\u0131m\u0131zda\"}]},{\"@type\":\"WebSite\",\"@id\":\"https:\\\/\\\/ingilizcesinav.com\\\/#website\",\"url\":\"https:\\\/\\\/ingilizcesinav.com\\\/\",\"name\":\"\u0130ngilizce S\u0131nav\",\"description\":\"\u0130ngilizce S\u0131navlara Uzman Yard\u0131m\u0131 ile Haz\u0131rlan\u0131n\",\"potentialAction\":[{\"@type\":\"SearchAction\",\"target\":{\"@type\":\"EntryPoint\",\"urlTemplate\":\"https:\\\/\\\/ingilizcesinav.com\\\/?s={search_term_string}\"},\"query-input\":{\"@type\":\"PropertyValueSpecification\",\"valueRequired\":true,\"valueName\":\"search_term_string\"}}],\"inLanguage\":\"tr\"}]}<\/script>\n<!-- \/ Yoast SEO plugin. -->","yoast_head_json":{"title":"Hakk\u0131m\u0131zda - \u0130ngilizce S\u0131nav","description":"\u0130ngilizce s\u0131nav sayfas\u0131 olarak biz kimiz, sizlere nas\u0131l yard\u0131mc\u0131 olabiliriz, \u0130ngilizce s\u0131navlarla ilgili daha fazla bilgi i\u00e7in t\u0131klay\u0131n.","robots":{"index":"index","follow":"follow","max-snippet":"max-snippet:-1","max-image-preview":"max-image-preview:large","max-video-preview":"max-video-preview:-1"},"canonical":"https:\/\/ingilizcesinav.com\/?page_id=9","og_locale":"tr_TR","og_type":"article","og_title":"Hakk\u0131m\u0131zda - \u0130ngilizce S\u0131nav","og_description":"\u0130ngilizce s\u0131nav sayfas\u0131 olarak biz kimiz, sizlere nas\u0131l yard\u0131mc\u0131 olabiliriz, \u0130ngilizce s\u0131navlarla ilgili daha fazla bilgi i\u00e7in t\u0131klay\u0131n.","og_url":"https:\/\/ingilizcesinav.com\/?page_id=9","og_site_name":"\u0130ngilizce S\u0131nav","article_modified_time":"2023-09-25T15:34:18+00:00","twitter_card":"summary_large_image","twitter_misc":{"Tahmini okuma s\u00fcresi":"7 dakika"},"schema":{"@context":"https:\/\/schema.org","@graph":[{"@type":"WebPage","@id":"https:\/\/ingilizcesinav.com\/?page_id=9","url":"https:\/\/ingilizcesinav.com\/?page_id=9","name":"Hakk\u0131m\u0131zda - \u0130ngilizce S\u0131nav","isPartOf":{"@id":"https:\/\/ingilizcesinav.com\/#website"},"datePublished":"2015-12-02T10:51:51+00:00","dateModified":"2023-09-25T15:34:18+00:00","description":"\u0130ngilizce s\u0131nav sayfas\u0131 olarak biz kimiz, sizlere nas\u0131l yard\u0131mc\u0131 olabiliriz, \u0130ngilizce s\u0131navlarla ilgili daha fazla bilgi i\u00e7in t\u0131klay\u0131n.","breadcrumb":{"@id":"https:\/\/ingilizcesinav.com\/?page_id=9#breadcrumb"},"inLanguage":"tr","potentialAction":[{"@type":"ReadAction","target":["https:\/\/ingilizcesinav.com\/?page_id=9"]}]},{"@type":"BreadcrumbList","@id":"https:\/\/ingilizcesinav.com\/?page_id=9#breadcrumb","itemListElement":[{"@type":"ListItem","position":1,"name":"Home","item":"https:\/\/ingilizcesinav.com\/"},{"@type":"ListItem","position":2,"name":"Hakk\u0131m\u0131zda"}]},{"@type":"WebSite","@id":"https:\/\/ingilizcesinav.com\/#website","url":"https:\/\/ingilizcesinav.com\/","name":"\u0130ngilizce S\u0131nav","description":"\u0130ngilizce S\u0131navlara Uzman Yard\u0131m\u0131 ile Haz\u0131rlan\u0131n","potentialAction":[{"@type":"SearchAction","target":{"@type":"EntryPoint","urlTemplate":"https:\/\/ingilizcesinav.com\/?s={search_term_string}"},"query-input":{"@type":"PropertyValueSpecification","valueRequired":true,"valueName":"search_term_string"}}],"inLanguage":"tr"}]}},"_links":{"self":[{"href":"https:\/\/ingilizcesinav.com\/index.php?rest_route=\/wp\/v2\/pages\/9","targetHints":{"allow":["GET"]}}],"collection":[{"href":"https:\/\/ingilizcesinav.com\/index.php?rest_route=\/wp\/v2\/pages"}],"about":[{"href":"https:\/\/ingilizcesinav.com\/index.php?rest_route=\/wp\/v2\/types\/page"}],"author":[{"embeddable":true,"href":"https:\/\/ingilizcesinav.com\/index.php?rest_route=\/wp\/v2\/users\/1"}],"replies":[{"embeddable":true,"href":"https:\/\/ingilizcesinav.com\/index.php?rest_route=%2Fwp%2Fv2%2Fcomments&post=9"}],"version-history":[{"count":4,"href":"https:\/\/ingilizcesinav.com\/index.php?rest_route=\/wp\/v2\/pages\/9\/revisions"}],"predecessor-version":[{"id":2546,"href":"https:\/\/ingilizcesinav.com\/index.php?rest_route=\/wp\/v2\/pages\/9\/revisions\/2546"}],"wp:attachment":[{"href":"https:\/\/ingilizcesinav.com\/index.php?rest_route=%2Fwp%2Fv2%2Fmedia&parent=9"}],"curies":[{"name":"wp","href":"https:\/\/api.w.org\/{rel}","templated":true}]}}